{"id":6076,"date":"2024-07-16T12:50:46","date_gmt":"2024-07-16T12:50:46","guid":{"rendered":"https:\/\/arcray.nl\/?page_id=6076"},"modified":"2024-08-05T21:18:49","modified_gmt":"2024-08-05T19:18:49","slug":"contact","status":"publish","type":"page","link":"https:\/\/arcray.nl\/tr\/contact\/","title":{"rendered":"Temas etmek"},"content":{"rendered":"<div id=\"fws_69e236e9e8863\"  data-column-margin=\"default\" data-midnight=\"dark\"  class=\"wpb_row vc_row-fluid vc_row full-width-content vc_row-o-equal-height vc_row-flex vc_row-o-content-top\"  style=\"padding-top: 50px; padding-bottom: 0px; \"><div class=\"row-bg-wrap\" data-bg-animation=\"none\" data-bg-animation-delay=\"\" data-bg-overlay=\"false\"><div class=\"inner-wrap row-bg-layer\" ><div class=\"row-bg viewport-desktop using-bg-color\"  style=\"background-color: #ffffff; \"><\/div><\/div><\/div><div class=\"row_col_wrap_12 col span_12 dark left\">\n\t<div style=\"margin-bottom: -60px; \" class=\"vc_col-sm-5 wpb_column column_container vc_column_container col no-extra-padding inherit_tablet inherit_phone\"  data-padding-pos=\"all\" data-has-bg-color=\"false\" data-bg-color=\"\" data-bg-opacity=\"1\" data-animation=\"\" data-delay=\"0\" >\n\t\t<div class=\"vc_column-inner\" >\n\t\t\t<div class=\"wpb_wrapper\">\n\t\t\t\t<div id=\"map_69e236e9e8e68\" style=\"height: 750px;\" class=\"nectar-google-map\" data-infowindow-start-open=\"\" data-dark-color-scheme=\"1\" data-marker-style=\"nectar\" data-nectar-marker-color=\"accent-color\" data-ultra-flat=\"\" data-greyscale=\"1\" data-extra-color=\"\" data-enable-animation=\"false\" data-enable-zoom=\"\" data-zoom-level=\"16\" data-center-lat=\"52.4091392\" data-center-lng=\"4.6497792\" data-marker-img=\"\"><\/div><div class=\"map_69e236e9e8e68 map-marker-list\"><div class=\"map-marker\" data-marker-image-width=\"50\" data-marker-image-height=\"50\" data-lat=\"52.4091392\" data-lng=\"4.6497792\" data-mapinfo=\"\"><\/div><\/div>\n\t\t\t<\/div> \n\t\t<\/div>\n\t<\/div> \n\n\t<div  class=\"vc_col-sm-7 wpb_column column_container vc_column_container col padding-5-percent inherit_tablet inherit_phone\"  data-padding-pos=\"all\" data-has-bg-color=\"false\" data-bg-color=\"\" data-bg-opacity=\"1\" data-animation=\"\" data-delay=\"0\" >\n\t\t<div class=\"vc_column-inner\" >\n\t\t\t<div class=\"wpb_wrapper\">\n\t\t\t\t\n<div class=\"wpb_text_column wpb_content_element\" >\n\t<div class=\"wpb_wrapper\">\n\t\t<h3>Ba\u015fvuru Formu<\/h3>\n<p>Sorular\u0131n\u0131z i\u00e7in bizimle ileti\u015fime ge\u00e7in:<\/p>\n<div class=\"wpforms-container wpforms-render-modern\" id=\"wpforms-6120\"><form id=\"wpforms-form-6120\" class=\"wpforms-validate wpforms-form wpforms-ajax-form\" data-formid=\"6120\" method=\"post\" enctype=\"multipart\/form-data\" action=\"\/tr\/wp-json\/wp\/v2\/pages\/6076\" data-token=\"c5d4fdaae0c746755b566dba90c0dc92\" data-token-time=\"1776432873\" data-trp-original-action=\"\/tr\/wp-json\/wp\/v2\/pages\/6076\"><noscript class=\"wpforms-error-noscript\">Bu form\u00fcl\u00fc bitirebilmek i\u00e7in taray\u0131c\u0131n\u0131zda JavaScript&#039;i etkinle\u015ftirin.<\/noscript><div class=\"wpforms-hidden\" id=\"wpforms-error-noscript\">Bu form\u00fcl\u00fc bitirebilmek i\u00e7in taray\u0131c\u0131n\u0131zda JavaScript&#039;i etkinle\u015ftirin.<\/div><div class=\"wpforms-field-container\"><div id=\"wpforms-6120-field_0-container\" class=\"wpforms-field wpforms-field-name\" data-field-id=\"0\"><fieldset><legend class=\"wpforms-field-label\">\u0130sim <span class=\"wpforms-required-label\" aria-hidden=\"true\">*<\/span><\/legend><div class=\"wpforms-field-row wpforms-field-large\"><div class=\"wpforms-field-row-block wpforms-first wpforms-one-half\"><input type=\"text\" id=\"wpforms-6120-field_0\" class=\"wpforms-field-name-first wpforms-field-required\" name=\"wpforms[fields][0][first]\" aria-errormessage=\"wpforms-6120-field_0-error\" required><label for=\"wpforms-6120-field_0\" class=\"wpforms-field-sublabel after\">Reklam<\/label><\/div><div class=\"wpforms-field-row-block wpforms-one-half\"><input type=\"text\" id=\"wpforms-6120-field_0-last\" class=\"wpforms-field-name-last wpforms-field-required\" name=\"wpforms[fields][0][last]\" aria-errormessage=\"wpforms-6120-field_0-last-error\" required><label for=\"wpforms-6120-field_0-last\" class=\"wpforms-field-sublabel after\">Soyad<\/label><\/div><\/div><\/fieldset><\/div><div id=\"wpforms-6120-field_4-container\" class=\"wpforms-field wpforms-field-phone\" data-field-id=\"4\"><label class=\"wpforms-field-label\" for=\"wpforms-6120-field_4\">Telefon <span class=\"wpforms-required-label\" aria-hidden=\"true\">*<\/span><\/label><input type=\"tel\" id=\"wpforms-6120-field_4\" class=\"wpforms-field-large wpforms-field-required\" data-rule-int-phone-field=\"true\" name=\"wpforms[fields][4]\" aria-errormessage=\"wpforms-6120-field_4-error\" required><\/div><div id=\"wpforms-6120-field_1-container\" class=\"wpforms-field wpforms-field-email\" data-field-id=\"1\"><label class=\"wpforms-field-label\" for=\"wpforms-6120-field_1\">E-posta <span class=\"wpforms-required-label\" aria-hidden=\"true\">*<\/span><\/label><input type=\"email\" id=\"wpforms-6120-field_1\" class=\"wpforms-field-large wpforms-field-required\" name=\"wpforms[fields][1]\" spellcheck=\"false\" aria-errormessage=\"wpforms-6120-field_1-error\" required><\/div><div id=\"wpforms-6120-field_2-container\" class=\"wpforms-field wpforms-field-textarea\" data-field-id=\"2\"><label class=\"wpforms-field-label\" for=\"wpforms-6120-field_2\">Soru\/yorum<\/label><textarea id=\"wpforms-6120-field_2\" class=\"wpforms-field-medium\" name=\"wpforms[fields][2]\" aria-errormessage=\"wpforms-6120-field_2-error\" ><\/textarea><\/div><div id=\"wpforms-6120-field_7-container\" class=\"wpforms-field wpforms-field-divider\" data-field-id=\"7\"><\/div><\/div><!-- .wpforms-field-container --><div class=\"wpforms-submit-container\" ><input type=\"hidden\" name=\"wpforms[id]\" value=\"6120\"><input type=\"hidden\" name=\"page_title\" value=\"\"><input type=\"hidden\" name=\"page_url\" value=\"https:\/\/arcray.nl\/tr\/wp-json\/wp\/v2\/pages\/6076\"><button type=\"submit\" name=\"wpforms[submit]\" id=\"wpforms-submit-6120\" class=\"wpforms-submit\" data-alt-text=\"Verzenden...\" data-submit-text=\"Versturen\" aria-live=\"assertive\" value=\"wpforms-submit\">Y\u00f6nlendirmek i\u00e7in<\/button><img loading=\"lazy\" decoding=\"async\" src=\"https:\/\/arcray.nl\/wp-content\/plugins\/wpforms\/assets\/images\/submit-spin.svg\" class=\"wpforms-submit-spinner\" style=\"display: none;\" width=\"26\" height=\"26\" alt=\"Y\u00fckleniyor\"><\/div><input type=\"hidden\" name=\"trp-form-language\" value=\"tr\"\/><\/form><\/div>  <!-- .wpforms-container -->\n<p>&nbsp;<\/p>\n<p>&nbsp;<\/p>\n\t<\/div>\n<\/div>\n\n\n\n\n\t\t\t<\/div> \n\t\t<\/div>\n\t<\/div> \n<\/div><\/div>","protected":false},"excerpt":{"rendered":"Ba\u015fvuru Formu Herhangi bir sorunuz i\u00e7in bizimle ileti\u015fime ge\u00e7in: Bu form\u00fcl\u00fc taray\u0131c\u0131n\u0131zda JavaScript&#039;i etkinle\u015ftirebilmek i\u00e7in etkinle\u015ftirin.Bu form\u00fcl\u00fc bitirebilmek i\u00e7in taray\u0131c\u0131n\u0131zda JavaScript&#039;i etkinle\u015ftirin.Name *AdSoyadPhone *E-posta *Soru \/ yorumG\u00f6nder &nbsp; &nbsp;","protected":false},"author":1,"featured_media":0,"parent":0,"menu_order":0,"comment_status":"closed","ping_status":"closed","template":"","meta":{"_joinchat":[],"footnotes":""},"class_list":["post-6076","page","type-page","status-publish"],"_links":{"self":[{"href":"https:\/\/arcray.nl\/tr\/wp-json\/wp\/v2\/pages\/6076","targetHints":{"allow":["GET"]}}],"collection":[{"href":"https:\/\/arcray.nl\/tr\/wp-json\/wp\/v2\/pages"}],"about":[{"href":"https:\/\/arcray.nl\/tr\/wp-json\/wp\/v2\/types\/page"}],"author":[{"embeddable":true,"href":"https:\/\/arcray.nl\/tr\/wp-json\/wp\/v2\/users\/1"}],"replies":[{"embeddable":true,"href":"https:\/\/arcray.nl\/tr\/wp-json\/wp\/v2\/comments?post=6076"}],"version-history":[{"count":0,"href":"https:\/\/arcray.nl\/tr\/wp-json\/wp\/v2\/pages\/6076\/revisions"}],"wp:attachment":[{"href":"https:\/\/arcray.nl\/tr\/wp-json\/wp\/v2\/media?parent=6076"}],"curies":[{"name":"wp","href":"https:\/\/api.w.org\/{rel}","templated":true}]}}