{"id":6066,"date":"2024-07-16T12:27:44","date_gmt":"2024-07-16T12:27:44","guid":{"rendered":"https:\/\/arcray.nl\/?page_id=6066"},"modified":"2024-08-01T16:50:10","modified_gmt":"2024-08-01T14:50:10","slug":"over-ons","status":"publish","type":"page","link":"https:\/\/arcray.nl\/tr\/over-ons\/","title":{"rendered":"Hakk\u0131m\u0131zda"},"content":{"rendered":"<div id=\"home\"  data-column-margin=\"90px\" data-midnight=\"dark\"  class=\"wpb_row vc_row-fluid vc_row full-width-section vc_row-o-equal-height vc_row-flex vc_row-o-content-middle  top_padding_tablet_8pct bottom_padding_tablet_8pct\"  style=\"padding-top: 50px; padding-bottom: 50px; \"><div class=\"row-bg-wrap\" data-bg-animation=\"none\" data-bg-animation-delay=\"\" data-bg-overlay=\"false\"><div class=\"inner-wrap row-bg-layer\" ><div class=\"row-bg viewport-desktop using-bg-color\"  style=\"background-color: #ffffff; \"><\/div><\/div><\/div><div class=\"row_col_wrap_12 col span_12 dark left\">\n\t<div style=\"z-index: 100; \" class=\"vc_col-sm-3\/5 vc_col-xs-12 wpb_column column_container vc_column_container col padding-2-percent no-extra-padding_tablet no-extra-padding_phone\"  data-padding-pos=\"right\" data-has-bg-color=\"false\" data-bg-color=\"\" data-bg-opacity=\"1\" data-animation=\"\" data-delay=\"0\" >\n\t\t<div class=\"vc_column-inner\" >\n\t\t\t<div class=\"wpb_wrapper\">\n\t\t\t\t<div id=\"fws_69e236f949828\" data-midnight=\"\" data-column-margin=\"default\" class=\"wpb_row vc_row-fluid vc_row inner_row\"  style=\"\"><div class=\"row-bg-wrap\"> <div class=\"row-bg\" ><\/div> <\/div><div class=\"row_col_wrap_12_inner col span_12  left\">\n\t<div  class=\"vc_col-sm-12 wpb_column column_container vc_column_container col child_column has-animation no-extra-padding inherit_tablet inherit_phone\"   data-padding-pos=\"all\" data-has-bg-color=\"false\" data-bg-color=\"\" data-bg-opacity=\"1\" data-animation=\"fade-in-from-bottom\" data-delay=\"0\" >\n\t\t<div class=\"vc_column-inner\" >\n\t\t<div class=\"wpb_wrapper\">\n\t\t\t<h2 style=\"color: #1e3957;text-align: left\" class=\"vc_custom_heading vc_do_custom_heading\" >Kal\u0131c\u0131 olarak se\u00e7kin<\/h2><p style=\"font-size: 20px;line-height: 2em;text-align: left\" class=\"vc_custom_heading vc_do_custom_heading\" >G\u00fczellik end\u00fcstrisindeki profesyonellerin e\u011fitimi ve s\u00fcrekli yenilenmesi s\u00f6z konusu oldu\u011funda g\u00fczellik end\u00fcstrisindeki en b\u00fcy\u00fck oyunculardan biriyiz. Y\u0131llar\u0131n deneyimine sahibiz ve esnekli\u011fimiz, h\u0131z\u0131m\u0131z ve m\u00fc\u015fterilerimize olan ba\u011fl\u0131l\u0131\u011f\u0131m\u0131zla kendimizi farkl\u0131la\u015ft\u0131r\u0131yoruz. M\u00fc\u015fterilerimizi en ba\u015f\u0131ndan beri destekliyoruz!<\/p>\n\t\t<\/div> \n\t<\/div>\n\t<\/div> \n<\/div><\/div><div id=\"fws_69e236f94a052\" data-midnight=\"\" data-column-margin=\"70px\" class=\"wpb_row vc_row-fluid vc_row inner_row\"  style=\"padding-top: 25px; padding-bottom: 15px; \"><div class=\"row-bg-wrap\"> <div class=\"row-bg\" ><\/div> <\/div><div class=\"row_col_wrap_12_inner col span_12  left\">\n\t<div  class=\"vc_col-sm-6 wpb_column column_container vc_column_container col child_column has-animation no-extra-padding inherit_tablet inherit_phone\"    data-t-w-inherits=\"small_desktop\" data-padding-pos=\"all\" data-has-bg-color=\"false\" data-bg-color=\"\" data-bg-opacity=\"1\" data-animation=\"fade-in-from-bottom\" data-delay=\"0\" >\n\t\t<div class=\"vc_column-inner\" >\n\t\t<div class=\"wpb_wrapper\">\n\t\t\t<h4 style=\"color: #1e3957;text-align: left\" class=\"vc_custom_heading vc_do_custom_heading\" >B\u0130LG\u0130Y\u0130 PAYLA\u015e<\/h4><p style=\"font-size: 16px;line-height: 2em;text-align: left\" class=\"vc_custom_heading vc_do_custom_heading\" >M\u00fc\u015fterilerimizi ortaklar\u0131m\u0131z olarak g\u00f6r\u00fcyoruz ve fikirlerle katk\u0131da bulunmaktan ve t\u00fcm e\u011fitim ihtiya\u00e7lar\u0131n\u0131 kar\u015f\u0131lamaktan mutluluk duyuyoruz. Deneyimli uzmanlar\u0131m\u0131z m\u00fc\u015fterilerimizin ba\u015far\u0131s\u0131na \u00f6nemli \u00f6l\u00e7\u00fcde katk\u0131da bulunmaktad\u0131r.<\/p>\n\t\t<\/div> \n\t<\/div>\n\t<\/div> \n\n\t<div  class=\"vc_col-sm-6 wpb_column column_container vc_column_container col child_column has-animation no-extra-padding inherit_tablet inherit_phone\"    data-t-w-inherits=\"small_desktop\" data-padding-pos=\"all\" data-has-bg-color=\"false\" data-bg-color=\"\" data-bg-opacity=\"1\" data-animation=\"fade-in-from-bottom\" data-delay=\"0\" >\n\t\t<div class=\"vc_column-inner\" >\n\t\t<div class=\"wpb_wrapper\">\n\t\t\t<h4 style=\"color: #1e3957;text-align: left\" class=\"vc_custom_heading vc_do_custom_heading\" >Profesyonel olarak ba\u015flamak \u00e7ok \u00f6nemlidir<\/h4><p style=\"font-size: 16px;line-height: 2em;text-align: left\" class=\"vc_custom_heading vc_do_custom_heading\" >M\u00fc\u015fterilerin h\u0131zl\u0131 bir \u015fekilde ba\u015far\u0131l\u0131 bir \u015fekilde ba\u015flayabilmelerini ve fark yaratabilmelerini sa\u011fl\u0131yoruz. Bunu, becerilerin \u00f6\u011frenilmesine ve bunlar\u0131n hemen uygulanmas\u0131na, k\u00f6t\u00fc al\u0131\u015fkanl\u0131klar\u0131n \u00f6\u011frenilmesine ve bilginin ger\u00e7ekten aktar\u0131lmas\u0131na \u00e7ok \u00f6nem veren y\u00fcksek kaliteli kurslarla yap\u0131yoruz.<\/p>\n\t\t<\/div> \n\t<\/div>\n\t<\/div> \n<\/div><\/div><div id=\"fws_69e236f94a758\" data-midnight=\"\" data-column-margin=\"default\" class=\"wpb_row vc_row-fluid vc_row inner_row  bottom_padding_tablet_40px bottom_padding_phone_40px\"  style=\"padding-bottom: 0px; \"><div class=\"row-bg-wrap\"> <div class=\"row-bg\" ><\/div> <\/div><div class=\"row_col_wrap_12_inner col span_12  left\">\n\t<div  class=\"vc_col-sm-12 wpb_column column_container vc_column_container col child_column has-animation no-extra-padding inherit_tablet inherit_phone\"   data-padding-pos=\"all\" data-has-bg-color=\"false\" data-bg-color=\"\" data-bg-opacity=\"1\" data-animation=\"fade-in-from-bottom\" data-delay=\"0\" >\n\t\t<div class=\"vc_column-inner\" >\n\t\t<div class=\"wpb_wrapper\">\n\t\t\t\n\t\t<\/div> \n\t<\/div>\n\t<\/div> \n<\/div><\/div>\n\t\t\t<\/div> \n\t\t<\/div>\n\t<\/div> \n\n\t<div  class=\"vc_col-sm-2\/5 vc_col-xs-12 wpb_column column_container vc_column_container col no-extra-padding inherit_tablet inherit_phone\"  data-padding-pos=\"all\" data-has-bg-color=\"false\" data-bg-color=\"\" data-bg-opacity=\"1\" data-animation=\"\" data-delay=\"0\" >\n\t\t<div class=\"vc_column-inner\" >\n\t\t\t<div class=\"wpb_wrapper\">\n\t\t\t\t<div id=\"fws_69e236f94ac94\" data-midnight=\"\" data-column-margin=\"default\" class=\"wpb_row vc_row-fluid vc_row inner_row  min_width_desktop_43vw min_width_tablet_50vw min_width_phone_50vw\"  style=\"\"><div class=\"row-bg-wrap\"> <div class=\"row-bg\" ><\/div> <\/div><div class=\"row_col_wrap_12_inner col span_12  left\">\n\t<div style=\"\" class=\"vc_col-sm-12 wpb_column column_container vc_column_container col child_column no-extra-padding inherit_tablet inherit_phone\"  data-using-bg=\"true\" data-bg-cover=\"true\" data-padding-pos=\"all\" data-has-bg-color=\"false\" data-bg-color=\"\" data-bg-opacity=\"1\" data-animation=\"\" data-delay=\"0\" >\n\t\t<div class=\"vc_column-inner\" ><div class=\"column-image-bg-wrap column-bg-layer viewport-desktop\" data-bg-pos=\"center center\" data-bg-animation=\"ro-reveal-from-right\" data-bg-overlay=\"false\"><div class=\"inner-wrap\"><div class=\"column-image-bg\" style=\" background-image: url('https:\/\/arcray.nl\/wp-content\/uploads\/2024\/07\/HF_07646-scaled.jpg'); \"><\/div><\/div><\/div>\n\t\t<div class=\"wpb_wrapper\">\n\t\t\t<div class=\"divider-wrap height_tablet_40vh height_phone_300px\" data-alignment=\"default\"><div style=\"height: 80vh;\" class=\"divider\"><\/div><\/div>\n\t\t<\/div> \n\t<\/div>\n\t<\/div> \n<\/div><\/div>\n\t\t\t<\/div> \n\t\t<\/div>\n\t<\/div> \n<\/div><\/div>","protected":false},"excerpt":{"rendered":"Kendimizi s\u00fcrekli olarak farkl\u0131la\u015ft\u0131r\u0131yoruz. E\u011fitim ve s\u00fcrekli yenilik\u00e7i profesyoneller yeti\u015ftirme konusunda g\u00fczellik sekt\u00f6r\u00fcn\u00fcn \u00f6nde gelen oyuncular\u0131ndan biriyiz. Y\u0131llar\u0131n deneyimine sahibiz...","protected":false},"author":1,"featured_media":0,"parent":0,"menu_order":0,"comment_status":"closed","ping_status":"closed","template":"","meta":{"_joinchat":[],"footnotes":""},"class_list":["post-6066","page","type-page","status-publish"],"_links":{"self":[{"href":"https:\/\/arcray.nl\/tr\/wp-json\/wp\/v2\/pages\/6066","targetHints":{"allow":["GET"]}}],"collection":[{"href":"https:\/\/arcray.nl\/tr\/wp-json\/wp\/v2\/pages"}],"about":[{"href":"https:\/\/arcray.nl\/tr\/wp-json\/wp\/v2\/types\/page"}],"author":[{"embeddable":true,"href":"https:\/\/arcray.nl\/tr\/wp-json\/wp\/v2\/users\/1"}],"replies":[{"embeddable":true,"href":"https:\/\/arcray.nl\/tr\/wp-json\/wp\/v2\/comments?post=6066"}],"version-history":[{"count":0,"href":"https:\/\/arcray.nl\/tr\/wp-json\/wp\/v2\/pages\/6066\/revisions"}],"wp:attachment":[{"href":"https:\/\/arcray.nl\/tr\/wp-json\/wp\/v2\/media?parent=6066"}],"curies":[{"name":"wp","href":"https:\/\/api.w.org\/{rel}","templated":true}]}}